{"id":16,"date":"2015-03-02T21:15:10","date_gmt":"2015-03-02T20:15:10","guid":{"rendered":"http:\/\/skjsopot.pl\/?page_id=16"},"modified":"2022-12-06T22:41:00","modified_gmt":"2022-12-06T21:41:00","slug":"o-nas","status":"publish","type":"page","link":"http:\/\/skjsopot.pl\/index.php\/o-nas\/","title":{"rendered":"Historia klubu"},"content":{"rendered":"<p style=\"text-align: justify; text-justify: auto;\">Historia klubu zacz\u0119\u0142a si\u0119 od lipca 1957 roku, kiedy to grupa pasjonat\u00f3w je\u017adziectwa i koni w osobach oficer\u00f3w przedwojennej kawalerii p\u0142k Karola Rommla, rotmistrza Stanis\u0142awa \u0141ukaszewicza wspieranych przez \u015brodowisko ziemia\u0144skie licznie osiad\u0142e w Sopocie, za\u0142o\u017cy\u0142a Je\u017adziecki Ludowy Klub Sportowy.<\/p>\n<p style=\"text-align: justify; text-justify: auto;\">Siedzib\u0105 klubu by\u0142y tereny wydzier\u017cawione przez urz\u0105d miasta Sopotu przy obecnej ulicy Czy\u017cewskiego. Prymitywne warunki stajenne, brak mo\u017cliwo\u015bci zakupu i utrzymania koni do sportu wyczynowego <img decoding=\"async\" loading=\"lazy\" class=\" size-medium wp-image-86 alignleft\" src=\"http:\/\/skjsopot.pl\/wp-content\/uploads\/2015\/03\/79a5353e-c021-11e4-82a0-0025b511226e-300x203.jpg\" alt=\"Hipodrom Sopot 1971\" width=\"300\" height=\"203\" srcset=\"http:\/\/skjsopot.pl\/wp-content\/uploads\/2015\/03\/79a5353e-c021-11e4-82a0-0025b511226e-300x203.jpg 300w, http:\/\/skjsopot.pl\/wp-content\/uploads\/2015\/03\/79a5353e-c021-11e4-82a0-0025b511226e.jpg 515w\" sizes=\"(max-width: 300px) 100vw, 300px\" \/>ogranicza\u0142y w tym czasie dzia\u0142alno\u015b\u0107 klubu do nauki jazdy konnej i rekreacji je\u017adzieckiej. Uzna\u0107 jednak\u017ce nale\u017cy, \u017ce ten trudny pocz\u0105tek klubu sta\u0142 si\u0119 jednak zaczynem przysz\u0142ego jego rozwoju i sukces\u00f3w. To praca pierwszych trener\u00f3w klubu z m\u0142odymi je\u017ad\u017acami spowodowa\u0142a, \u017ce po przeniesieniu klubu na teren pa\u0144stwowych wy\u015bcig\u00f3w konnych w roku 1972 pojawi\u0142y si\u0119 znacz\u0105ce pierwsze sukcesy je\u017ad\u017ac\u00f3w JLKS w konkurencjach klasy og\u00f3lnopolskiej i mi\u0119dzynarodowej . Dzi\u0119ki udanym startom Andrzeja Kurowskiego, Krzysztofa Rafalaka, Franciszka Szyszkowskiego ju\u017c w roku 1974 JLKS Sopot w klasyfikacji klub\u00f3w PZJ znalaz\u0142 si\u0119 na 12 miejscu. W latach nast\u0119pnych do grona kadry klubu do\u0142\u0105czyli: Stanis\u0142aw Ku\u015bmirek, Rafa\u0142 Wawrzyniak, Ma\u0142gorzata \u0141ukowska, Henryk Grzywna, Arkadiusz Bachur. Zawodnicy JLKS powo\u0142ani zostali do kadry narodowej junior\u00f3w dzi\u0119ki pracy trenera Bogdana Kad\u0142ubowskiego.<\/p>\n<figure id=\"attachment_84\" aria-describedby=\"caption-attachment-84\" style=\"width: 324px\" class=\"wp-caption alignright\"><img decoding=\"async\" loading=\"lazy\" class=\" wp-image-84\" src=\"http:\/\/skjsopot.pl\/wp-content\/uploads\/2015\/03\/a02dad4e-c021-11e4-98c3-0025b511226e.jpg\" alt=\"Hipodrom Sopot 1975\" width=\"324\" height=\"228\" \/><figcaption id=\"caption-attachment-84\" class=\"wp-caption-text\">Zaprz\u0119g powo\u017cony przez Ksi\u0119cia Filipa, w tle osiedle \u017babianka. Hipodrom Sopot, 1975<\/figcaption><\/figure>\n<p style=\"text-align: justify; text-justify: inter-word;\">Rok 1975 zapisa\u0142 si\u0119 w historii klubu olbrzymim sukcesem organizacyjnym podczas przeprowadzonych wzorowo mistrzostwo Europy w powo\u017ceniu zaprz\u0119gami czterokonnymi, co razem ze sportowymi wynikami cz\u0142onk\u00f3w JLKS da\u0142o klubowi VI miejsce w rankingu PZJ.<\/p>\n<p style=\"text-align: justify; text-justify: auto;\">Lata 1976 \u2013 1993 uzna\u0107 nale\u017cy za niew\u0105tpliwe pasmo sukces\u00f3w zawodnik\u00f3w JLKS, kt\u00f3rych wyniki sportowe we wszystkich konkurencjach je\u017adzieckich (uje\u017cd\u017cenie, skoki, WKKW) skutkowa\u0142y tym, \u017ce JLKS zajmowa\u0142 czo\u0142owe pozycje w klasyfikacji PZJ.<\/p>\n<p style=\"text-align: justify; text-justify: auto;\">Do grona kadrowicz\u00f3w JLKS do\u0142\u0105czyli Bogus\u0142aw Misztal, Zofia G\u00f3rska, Wanda W\u0105sowska, Krzysztof Rafalak, Marek Or\u0142o\u015b, Anna Kuczy\u0144ska, Ma\u0142gorzata Kiernicka, Ewa Husarska, Artur Paw\u0142owski. Zawodnicy Ci startowali z powodzeniem w zawodach og\u00f3lnopolskich, mi\u0119dzynarodowych z olimpijskim wyst\u0119pem Wandy W\u0105sowskiej w Moskwie oraz Krzysztofa Rafalaka w Seulu, gdzie wywalczy\u0142 z dru\u017cyn\u0105 IV miejsce.<\/p>\n<p style=\"text-align: justify; text-justify: auto;\">Nie by\u0142o w kraju, w Europie zawod\u00f3w rangi mistrzowskiej w kt\u00f3rych nie startowaliby zawodnicy JLKS.<\/p>\n<p style=\"text-align: justify; text-justify: auto;\">Nie b\u0119dzie przesady w stwierdzeniu, \u017ce polskie je\u017adziectwo bez udzia\u0142u je\u017ad\u017ac\u00f3w JLKS Sopot by\u0142oby o wiele ubo\u017csze.<\/p>\n<p><img decoding=\"async\" loading=\"lazy\" class=\" wp-image-88 alignleft\" src=\"http:\/\/skjsopot.pl\/wp-content\/uploads\/2015\/03\/c642c3e8-c021-11e4-ae65-0025b511226e.jpg\" alt=\"Uje\u017cd\u017cacze\" width=\"319\" height=\"196\" srcset=\"http:\/\/skjsopot.pl\/wp-content\/uploads\/2015\/03\/c642c3e8-c021-11e4-ae65-0025b511226e.jpg 567w, http:\/\/skjsopot.pl\/wp-content\/uploads\/2015\/03\/c642c3e8-c021-11e4-ae65-0025b511226e-300x184.jpg 300w\" sizes=\"(max-width: 319px) 100vw, 319px\" \/><\/p>\n<p style=\"text-align: justify; text-justify: auto;\">Na ten niew\u0105tpliwy sukces klubu z wielkim po\u015bwi\u0119ceniem pracowali trenerzy: Andrzej Or\u0142o\u015b, Bogus\u0142aw Misztal, Zofia G\u00f3rka, Ewa Husarska, instruktorzy szk\u00f3\u0142ki je\u017adzieckiej powsta\u0142ej w 1982 roku, klubowi dzia\u0142acze i szerokie grono sympatyk\u00f3w tego sportu.<\/p>\n<p style=\"text-align: justify; text-justify: auto;\">Pe\u0142ni\u0105cy funkcje prezesa klubu w latach 1974-1988 Mieczys\u0142aw Borowski, Czes\u0142aw G\u00f3rsk, Micha\u0142 Kulikowski to nazwiska os\u00f3b, kt\u00f3re z\u0142otymi literami wpisa\u0107 nale\u017cy do klubowej historii.<\/p>\n<p style=\"text-align: justify; text-justify: auto;\">Poza osi\u0105gni\u0119ciami sportowymi JLKS do swoich sukces\u00f3w zaliczy\u0107 mo\u017ce organizacje zawod\u00f3w rangi mistrzostw polski, klubowy puchar polski, mi\u0119dzynarodowe oficjalne zawody w skokach przez przeszkody.<\/p>\n<p style=\"text-align: justify; text-justify: auto;\">JLKS wni\u00f3s\u0142 do polskiego je\u017adziectwa powa\u017cny wk\u0142ad w zakresie szkolenia, przygotowa\u0144 olimpijskich.<\/p>\n<p style=\"text-align: justify; text-justify: auto;\">Te wszystkie dokonania klubu mo\u017cliwe by\u0142y z tego powody, \u017ce klub dysponowa\u0142 doskona\u0142\u0105 baz\u0105: stajnie, tor, zbudowana nowa hala oraz, dzi\u0119ki zjednoczeniu hodowli zwierz\u0105t zarodowych maj\u0105cemu sw\u00f3j oddzia\u0142 na terenie toru wy\u015bcigowego klub mia\u0142 szeroki dost\u0119p do koni sportowych z pa\u0144stwowych stadnin koni Kadyny, Rzeczna, Pl\u0119kity, Nowa Wioska.<\/p>\n<p style=\"text-align: justify; text-justify: auto;\">Transformacja ustrojowa i praktycznie likwidacja wi\u0119kszo\u015bci stadnin pa\u0144stwowych, a tym samym brak dop\u0142ywu koni do klubu spowodowa\u0142y, \u017ce okres \u015bwietno\u015bci klubu odszed\u0142 do historii. Trudno\u015bci spot\u0119gowane odej\u015bciem renomowanych trener\u00f3w i zawodnik\u00f3w to przyczyna stopniowej utraty znaczenia klubu w skali kraju.<\/p>\n<figure id=\"attachment_68\" aria-describedby=\"caption-attachment-68\" style=\"width: 340px\" class=\"wp-caption alignright\"><img decoding=\"async\" loading=\"lazy\" class=\" wp-image-68\" src=\"http:\/\/skjsopot.pl\/wp-content\/uploads\/2015\/03\/CSIO-Sopot-2013-Ares.jpg\" alt=\"Weronika Wilska CSIO Sopot 2013 Ares\" width=\"340\" height=\"226\" \/><figcaption id=\"caption-attachment-68\" class=\"wp-caption-text\">Weronika Wilska CSIO Sopot 2013 Ares<\/figcaption><\/figure>\n<p style=\"text-align: justify; text-justify: auto;\">Przekszta\u0142cenia w\u0142asno\u015bciowe toru wy\u015bcigowego i powstanie sp\u00f3\u0142ki miasta pod nazw\u0105 \u201eHipodrom\u201d da\u0142y nadziej\u0119 na stopniow\u0105 stabilizacj\u0119 klubu, kt\u00f3ry pozbawiony koni, maj\u0105tku ogranicza\u0142 swoj\u0105 dzia\u0142alno\u015b\u0107 do zada\u0144 statutowych b\u0119d\u0105c jedynie sportowym stowarzyszeniem.<\/p>\n<p style=\"text-align: justify; text-justify: auto;\">W tej sytuacji, za sukces dzia\u0142aczy klubu uzna\u0107 nale\u017cy wsp\u00f3\u0142uczestnictwo klubu w organizacji wszystkich imprez je\u017adzieckich jakie odbywaj\u0105 si\u0119 na terenie Hipodromu. Rewitalizacja obiektu i powstanie nowoczesnego kompleksu (stajnie, hale) sprawi\u0142y ze od kilku lat wr\u00f3ci\u0142y do Sopotu mi\u0119dzynarodowe zawody w skokach i WKKW w randze kilku gwiazdek.<\/p>\n<figure id=\"attachment_67\" aria-describedby=\"caption-attachment-67\" style=\"width: 350px\" class=\"wp-caption alignleft\"><img decoding=\"async\" loading=\"lazy\" class=\" wp-image-67\" src=\"http:\/\/skjsopot.pl\/wp-content\/uploads\/2015\/03\/10441070_10202486947719950_452375887260788829_n.jpg\" alt=\"Konrad Paw\u0142owski\" width=\"350\" height=\"233\" srcset=\"http:\/\/skjsopot.pl\/wp-content\/uploads\/2015\/03\/10441070_10202486947719950_452375887260788829_n.jpg 720w, http:\/\/skjsopot.pl\/wp-content\/uploads\/2015\/03\/10441070_10202486947719950_452375887260788829_n-300x199.jpg 300w\" sizes=\"(max-width: 350px) 100vw, 350px\" \/><figcaption id=\"caption-attachment-67\" class=\"wp-caption-text\">Konrad Paw\u0142owski<\/figcaption><\/figure>\n<p style=\"text-align: justify; text-justify: auto;\">Wsp\u00f3\u0142praca klubu ze sp\u00f3\u0142k\u0105 \u201eHipodrom\u201d, umo\u017cliwienie cz\u0142onkom klubu korzystania z tak nowoczesnego obiektu (boksy, zimowy trening na hali) zaowocowa\u0142y tym, \u017ce w chwili obecnej wzrasta ilo\u015b\u0107 cz\u0142onk\u00f3w klubu, kt\u00f3rzy zdobywaj\u0105c\u00a0 klasy sportowe z powodzeniem startuj\u0105 na zawodach je\u017adzieckich wysokiej rangi. Sukcesy zawodnik\u00f3w Sopockiego Klubu Je\u017adzieckiego w skokach przez przeszkody, uje\u017cd\u017ceniu oraz WKKW s\u0105 dowodem na sta\u0142y wzrost znaczenia Sopockiego Klubu Je\u017adzieckiego dla \u015arodowiska.<\/p>\n","protected":false},"excerpt":{"rendered":"<p>Historia klubu zacz\u0119\u0142a si\u0119 od lipca 1957 roku, kiedy to grupa pasjonat\u00f3w je\u017adziectwa i koni w osobach oficer\u00f3w przedwojennej kawalerii p\u0142k Karola Rommla, rotmistrza Stanis\u0142awa \u0141ukaszewicza wspieranych przez \u015brodowisko ziemia\u0144skie licznie osiad\u0142e w Sopocie, za\u0142o\u017cy\u0142a Je\u017adziecki Ludowy Klub Sportowy. Siedzib\u0105 klubu by\u0142y tereny wydzier\u017cawione przez urz\u0105d miasta Sopotu przy obecnej ulicy Czy\u017cewskiego. Prymitywne warunki stajenne, &hellip; <\/p>\n","protected":false},"author":1,"featured_media":84,"parent":0,"menu_order":1,"comment_status":"closed","ping_status":"closed","template":"","meta":[],"_links":{"self":[{"href":"http:\/\/skjsopot.pl\/index.php\/wp-json\/wp\/v2\/pages\/16"}],"collection":[{"href":"http:\/\/skjsopot.pl\/index.php\/wp-json\/wp\/v2\/pages"}],"about":[{"href":"http:\/\/skjsopot.pl\/index.php\/wp-json\/wp\/v2\/types\/page"}],"author":[{"embeddable":true,"href":"http:\/\/skjsopot.pl\/index.php\/wp-json\/wp\/v2\/users\/1"}],"replies":[{"embeddable":true,"href":"http:\/\/skjsopot.pl\/index.php\/wp-json\/wp\/v2\/comments?post=16"}],"version-history":[{"count":25,"href":"http:\/\/skjsopot.pl\/index.php\/wp-json\/wp\/v2\/pages\/16\/revisions"}],"predecessor-version":[{"id":536,"href":"http:\/\/skjsopot.pl\/index.php\/wp-json\/wp\/v2\/pages\/16\/revisions\/536"}],"wp:featuredmedia":[{"embeddable":true,"href":"http:\/\/skjsopot.pl\/index.php\/wp-json\/wp\/v2\/media\/84"}],"wp:attachment":[{"href":"http:\/\/skjsopot.pl\/index.php\/wp-json\/wp\/v2\/media?parent=16"}],"curies":[{"name":"wp","href":"https:\/\/api.w.org\/{rel}","templated":true}]}}