{"id":1360,"date":"2024-08-15T01:35:13","date_gmt":"2024-08-14T23:35:13","guid":{"rendered":"http:\/\/skjsopot.pl\/?page_id=1360"},"modified":"2024-08-15T01:35:14","modified_gmt":"2024-08-14T23:35:14","slug":"standardy-ochrony-maloletnich","status":"publish","type":"page","link":"http:\/\/skjsopot.pl\/index.php\/standardy-ochrony-maloletnich\/","title":{"rendered":"Standardy Ochrony Ma\u0142oletnich"},"content":{"rendered":"\n<div class=\"wp-block-columns is-layout-flex wp-container-2\">\n<div class=\"wp-block-column is-layout-flow\" style=\"flex-basis:100%\">\n<figure class=\"wp-block-table\"><table><tbody><tr><td><a href=\"http:\/\/skjsopot.pl\/wp-content\/uploads\/2024\/08\/STANDARDY-OCHRONY-DZIECI-I-MLODZIEZY.pdf\" data-type=\"URL\" data-id=\"http:\/\/skjsopot.pl\/wp-content\/uploads\/2024\/08\/STANDARDY-OCHRONY-DZIECI-I-MLODZIEZY.pdf\" target=\"_blank\" rel=\"noreferrer noopener\">Uchwa\u0142a Standardy Ochrony Ma\u0142oletnich<\/a><\/td><\/tr><tr><td><a href=\"http:\/\/skjsopot.pl\/wp-content\/uploads\/2024\/08\/podrecznik-standardy-ochrony-dzieci-w-organizacjach-pozarzadowych-pdf-1692962124-1-12.pdf\" data-type=\"URL\" data-id=\"http:\/\/skjsopot.pl\/wp-content\/uploads\/2024\/08\/podrecznik-standardy-ochrony-dzieci-w-organizacjach-pozarzadowych-pdf-1692962124-1-12.pdf\" target=\"_blank\" rel=\"noreferrer noopener\">Standardy ochrony dzieci w organizacjach pozarz\u0105dowych<\/a><\/td><\/tr><tr><td><a href=\"http:\/\/skjsopot.pl\/wp-content\/uploads\/2024\/08\/PRZEPISY.docx\" data-type=\"URL\" data-id=\"http:\/\/skjsopot.pl\/wp-content\/uploads\/2024\/08\/PRZEPISY.docx\" target=\"_blank\" rel=\"noreferrer noopener\">Przepisy<\/a><\/td><\/tr><\/tbody><\/table><\/figure>\n<\/div>\n<\/div>\n","protected":false},"excerpt":{"rendered":"<p>Uchwa\u0142a Standardy Ochrony Ma\u0142oletnich Standardy ochrony dzieci w organizacjach pozarz\u0105dowych Przepisy<\/p>\n","protected":false},"author":1,"featured_media":0,"parent":0,"menu_order":0,"comment_status":"closed","ping_status":"closed","template":"","meta":[],"_links":{"self":[{"href":"http:\/\/skjsopot.pl\/index.php\/wp-json\/wp\/v2\/pages\/1360"}],"collection":[{"href":"http:\/\/skjsopot.pl\/index.php\/wp-json\/wp\/v2\/pages"}],"about":[{"href":"http:\/\/skjsopot.pl\/index.php\/wp-json\/wp\/v2\/types\/page"}],"author":[{"embeddable":true,"href":"http:\/\/skjsopot.pl\/index.php\/wp-json\/wp\/v2\/users\/1"}],"replies":[{"embeddable":true,"href":"http:\/\/skjsopot.pl\/index.php\/wp-json\/wp\/v2\/comments?post=1360"}],"version-history":[{"count":4,"href":"http:\/\/skjsopot.pl\/index.php\/wp-json\/wp\/v2\/pages\/1360\/revisions"}],"predecessor-version":[{"id":1365,"href":"http:\/\/skjsopot.pl\/index.php\/wp-json\/wp\/v2\/pages\/1360\/revisions\/1365"}],"wp:attachment":[{"href":"http:\/\/skjsopot.pl\/index.php\/wp-json\/wp\/v2\/media?parent=1360"}],"curies":[{"name":"wp","href":"https:\/\/api.w.org\/{rel}","templated":true}]}}